{"id":886,"date":"2020-06-21T08:58:40","date_gmt":"2020-06-21T08:58:40","guid":{"rendered":"http:\/\/daniel-behmenburg.de\/?page_id=886"},"modified":"2020-12-13T12:15:45","modified_gmt":"2020-12-13T12:15:45","slug":"aufwandsentschaedigungen","status":"publish","type":"page","link":"https:\/\/daniel-behmenburg.de\/?page_id=886","title":{"rendered":"Aufwandsentsch\u00e4digungen"},"content":{"rendered":"\n<div class=\"wp-block-themeisle-blocks-advanced-columns has-1-columns has-desktop-equal-layout has-tablet-equal-layout has-mobile-equal-layout has-default-gap has-vertical-unset\" id=\"wp-block-themeisle-blocks-advanced-columns-8a15772f\"><div class=\"wp-block-themeisle-blocks-advanced-columns-overlay\"><\/div><div class=\"innerblocks-wrap\">\n<div class=\"wp-block-themeisle-blocks-advanced-column\" id=\"wp-block-themeisle-blocks-advanced-column-5467879b\">\n<p>Wie zum Beispiel \u00dcbungsleiter im Sport erhalten auch ehrenamtliche Kommunalpolitiker eine Aufwandsentsch\u00e4digung f\u00fcr Ihren Einsatz. Mit diesen Geldern m\u00fcssen alle funktionsbedingten Ausgaben verrichtet werden.<\/p>\n\n\n\n<p>Ich bin der Meinung, dass man daraus kein Geheimnis machen muss und ver\u00f6ffentliche hier gerne, was das f\u00fcr mich heisst:<\/p>\n\n\n\n<p>Mitglieder des Stadtrates erhalten eine monatliche pauschale Aufwandsentsch\u00e4digung sowie ein Sitzungsgeld pro Sitzung. Dieses ist in \u00a7 1 der <a rel=\"noreferrer noopener\" href=\"https:\/\/recht.nrw.de\/lmi\/owa\/br_bes_text?sg=0&amp;menu=1&amp;bes_id=27086&amp;aufgehoben=N&amp;anw_nr=2\" target=\"_blank\">Verordnung \u00fcber die Entsch\u00e4digung der Mitglieder kommunaler Vertretungen und Aussch\u00fcsse (Entsch\u00e4digungsverordnung &#8211; EntschVO) vom 05.05.2014<\/a> geregelt. <\/p>\n\n\n\n<p>Diese monatliche Pauschale btr\u00e4gt momentan 514,10 \u20ac pro Monat. Von dieser Pauschale muss ich ca. 30% an meine Partei entrichten und die Summe ganz normal mit meinem Einkommen versteuern. Pro teilgenommener Sitzung gibt es dar\u00fcber hinaus ein Sitzungsgeld von 21,20 \u20ac. Auch diese Sitzungsgelder muss ich mit meinem Einkommen versteuern.<\/p>\n\n\n\n<p>Verdienstausf\u00e4lle werden von mir in keinem Gremium geltend gemacht. <\/p>\n<\/div>\n<\/div><\/div>\n","protected":false},"excerpt":{"rendered":"","protected":false},"author":1,"featured_media":0,"parent":0,"menu_order":0,"comment_status":"closed","ping_status":"closed","template":"","meta":{"footnotes":""},"class_list":["post-886","page","type-page","status-publish","hentry"],"_links":{"self":[{"href":"https:\/\/daniel-behmenburg.de\/index.php?rest_route=\/wp\/v2\/pages\/886","targetHints":{"allow":["GET"]}}],"collection":[{"href":"https:\/\/daniel-behmenburg.de\/index.php?rest_route=\/wp\/v2\/pages"}],"about":[{"href":"https:\/\/daniel-behmenburg.de\/index.php?rest_route=\/wp\/v2\/types\/page"}],"author":[{"embeddable":true,"href":"https:\/\/daniel-behmenburg.de\/index.php?rest_route=\/wp\/v2\/users\/1"}],"replies":[{"embeddable":true,"href":"https:\/\/daniel-behmenburg.de\/index.php?rest_route=%2Fwp%2Fv2%2Fcomments&post=886"}],"version-history":[{"count":5,"href":"https:\/\/daniel-behmenburg.de\/index.php?rest_route=\/wp\/v2\/pages\/886\/revisions"}],"predecessor-version":[{"id":1349,"href":"https:\/\/daniel-behmenburg.de\/index.php?rest_route=\/wp\/v2\/pages\/886\/revisions\/1349"}],"wp:attachment":[{"href":"https:\/\/daniel-behmenburg.de\/index.php?rest_route=%2Fwp%2Fv2%2Fmedia&parent=886"}],"curies":[{"name":"wp","href":"https:\/\/api.w.org\/{rel}","templated":true}]}}