{"id":850,"date":"2020-06-21T08:19:59","date_gmt":"2020-06-21T08:19:59","guid":{"rendered":"http:\/\/daniel-behmenburg.de\/?page_id=850"},"modified":"2020-06-21T08:20:00","modified_gmt":"2020-06-21T08:20:00","slug":"anfragen-spd-bv-ix","status":"publish","type":"page","link":"https:\/\/daniel-behmenburg.de\/?page_id=850","title":{"rendered":"Anfragen SPD BV IX"},"content":{"rendered":"\n<div class=\"wp-block-themeisle-blocks-advanced-columns has-1-columns has-desktop-equal-layout has-tablet-equal-layout has-mobile-equal-layout has-default-gap has-vertical-unset\" id=\"wp-block-themeisle-blocks-advanced-columns-d89561af\"><div class=\"wp-block-themeisle-blocks-advanced-columns-overlay\"><\/div><div class=\"innerblocks-wrap\">\n<div class=\"wp-block-themeisle-blocks-advanced-column\" id=\"wp-block-themeisle-blocks-advanced-column-2a4f84fb\">\n<p><strong>Sitzung der Bezirksvertretung IX am 26. Mai 202<\/strong>0&nbsp;<a href=\"https:\/\/danielbehmenburg.files.wordpress.com\/2020\/06\/anfragen-bv-ix-26-05-2020.pdf\" target=\"_blank\" rel=\"noreferrer noopener\">&#8211;&gt; Download Anfragen als pdf<\/a><\/p>\n\n\n\n<ul class=\"wp-block-list\"><li>Verkehrsberuhigungselemente auf der Rheinstra\u00dfe in Kettwig<\/li><li>Sachstand Sanierung Pflaster Ruhrstra\u00dfe (Bezug Anfrage 26. November 2019)<\/li><li>Bew\u00e4sserung von neu gepflanzten B\u00e4umen im Stadtbezirk<\/li><li>Baustelle Freiligrathplatz<\/li><li>Beleuchtung des Verbindungsweges der Stra\u00dfen \u201eAm Hofacker\u201c und \u201eCorneliusstra\u00dfe\u201c<\/li><li>Baustellensituation im Kettwiger Ortskern<\/li><li>Beleuchtung des Verbindungstunnels Heiligenhauser Stra\u00dfe \u2013 Sengenholzer Weg\/ Am Wildbach<\/li><li>Widmungserweiterung eines Stichweges der Rinderbachstra\u00dfe<\/li><li>Baustellen in der Wupperstra\u00dfe<\/li><li>Br\u00fccke und Waldweg zwischen den Stra\u00dfen Wupperstra\u00dfe und Am Stadtbad<\/li><\/ul>\n<\/div>\n<\/div><\/div>\n","protected":false},"excerpt":{"rendered":"","protected":false},"author":1,"featured_media":0,"parent":0,"menu_order":0,"comment_status":"closed","ping_status":"closed","template":"","meta":{"footnotes":""},"class_list":["post-850","page","type-page","status-publish","hentry"],"_links":{"self":[{"href":"https:\/\/daniel-behmenburg.de\/index.php?rest_route=\/wp\/v2\/pages\/850","targetHints":{"allow":["GET"]}}],"collection":[{"href":"https:\/\/daniel-behmenburg.de\/index.php?rest_route=\/wp\/v2\/pages"}],"about":[{"href":"https:\/\/daniel-behmenburg.de\/index.php?rest_route=\/wp\/v2\/types\/page"}],"author":[{"embeddable":true,"href":"https:\/\/daniel-behmenburg.de\/index.php?rest_route=\/wp\/v2\/users\/1"}],"replies":[{"embeddable":true,"href":"https:\/\/daniel-behmenburg.de\/index.php?rest_route=%2Fwp%2Fv2%2Fcomments&post=850"}],"version-history":[{"count":1,"href":"https:\/\/daniel-behmenburg.de\/index.php?rest_route=\/wp\/v2\/pages\/850\/revisions"}],"predecessor-version":[{"id":851,"href":"https:\/\/daniel-behmenburg.de\/index.php?rest_route=\/wp\/v2\/pages\/850\/revisions\/851"}],"wp:attachment":[{"href":"https:\/\/daniel-behmenburg.de\/index.php?rest_route=%2Fwp%2Fv2%2Fmedia&parent=850"}],"curies":[{"name":"wp","href":"https:\/\/api.w.org\/{rel}","templated":true}]}}