{"id":1283,"date":"2020-11-30T15:41:30","date_gmt":"2020-11-30T15:41:30","guid":{"rendered":"http:\/\/daniel-behmenburg.de\/?page_id=1283"},"modified":"2020-11-30T16:01:09","modified_gmt":"2020-11-30T16:01:09","slug":"meine-ausschuesse","status":"publish","type":"page","link":"https:\/\/daniel-behmenburg.de\/?page_id=1283","title":{"rendered":"Meine Aussch\u00fcsse im Rat der Stadt Essen"},"content":{"rendered":"\n<p><a href=\"https:\/\/ris.essen.de\/gremien\/?__=UGhVM0hpd2NXNFdFcExjZbSZaGhYSot6ueo8IFqr24s\" target=\"_blank\" rel=\"noreferrer noopener\">Ausschuss f\u00fcr die Sport- und B\u00e4derbetriebe Essen<\/a><\/p>\n\n\n\n<p><a href=\"https:\/\/ris.essen.de\/gremien\/?__=UGhVM0hpd2NXNFdFcExjZUea5NZZC0fyhpmhgf1kzmk\" target=\"_blank\" rel=\"noreferrer noopener\">Ausschuss f\u00fcr Umwelt, Klima und Verbraucherschutz<\/a><\/p>\n\n\n\n<p><a href=\"https:\/\/ris.essen.de\/gremien\/?__=UGhVM0hpd2NXNFdFcExjZdVa0RYshz1e4ZMsNuRezAc\" target=\"_blank\" rel=\"noreferrer noopener\">Ausschuss f\u00fcr Anregungen und Beschwerden<\/a><\/p>\n\n\n\n<p><a href=\"https:\/\/ris.essen.de\/gremien\/?__=UGhVM0hpd2NXNFdFcExjZcRfy-MezfTm69c6U-cB5Qs\" target=\"_blank\" rel=\"noreferrer noopener\">Ausschuss f\u00fcr Verkehr und Mobilit\u00e4t<\/a> (stellvertretendes Mitglied)<\/p>\n\n\n\n<p><a href=\"https:\/\/ris.essen.de\/gremien\/?__=UGhVM0hpd2NXNFdFcExjZUkyFFt-MXECNZIyCOaOwuI\" target=\"_blank\" rel=\"noreferrer noopener\">Ausschuss f\u00fcr Stadtentwicklung, -planung und Bauen<\/a> (stellvertretendes Mitglied)<\/p>\n\n\n\n<p><a href=\"https:\/\/ris.essen.de\/gremien\/?__=UGhVM0hpd2NXNFdFcExjZefX1sneJVxKyt8v14v-O-o\" target=\"_blank\" rel=\"noreferrer noopener\">Ausschuss f\u00fcr Digitalisierung, Wirtschaft, Beteiligungen und Tourismus<\/a> (stellvertretendes Mitglied)<\/p>\n","protected":false},"excerpt":{"rendered":"<p>Ausschuss f\u00fcr die Sport- und B\u00e4derbetriebe Essen Ausschuss f\u00fcr Umwelt, Klima und Verbraucherschutz Ausschuss f\u00fcr Anregungen und Beschwerden Ausschuss f\u00fcr Verkehr und Mobilit\u00e4t (stellvertretendes Mitglied) Ausschuss f\u00fcr Stadtentwicklung, -planung und Bauen (stellvertretendes Mitglied) Ausschuss f\u00fcr Digitalisierung, Wirtschaft, Beteiligungen und Tourismus (stellvertretendes Mitglied)<\/p>\n","protected":false},"author":1,"featured_media":0,"parent":0,"menu_order":0,"comment_status":"closed","ping_status":"closed","template":"","meta":{"footnotes":""},"class_list":["post-1283","page","type-page","status-publish","hentry"],"_links":{"self":[{"href":"https:\/\/daniel-behmenburg.de\/index.php?rest_route=\/wp\/v2\/pages\/1283","targetHints":{"allow":["GET"]}}],"collection":[{"href":"https:\/\/daniel-behmenburg.de\/index.php?rest_route=\/wp\/v2\/pages"}],"about":[{"href":"https:\/\/daniel-behmenburg.de\/index.php?rest_route=\/wp\/v2\/types\/page"}],"author":[{"embeddable":true,"href":"https:\/\/daniel-behmenburg.de\/index.php?rest_route=\/wp\/v2\/users\/1"}],"replies":[{"embeddable":true,"href":"https:\/\/daniel-behmenburg.de\/index.php?rest_route=%2Fwp%2Fv2%2Fcomments&post=1283"}],"version-history":[{"count":3,"href":"https:\/\/daniel-behmenburg.de\/index.php?rest_route=\/wp\/v2\/pages\/1283\/revisions"}],"predecessor-version":[{"id":1290,"href":"https:\/\/daniel-behmenburg.de\/index.php?rest_route=\/wp\/v2\/pages\/1283\/revisions\/1290"}],"wp:attachment":[{"href":"https:\/\/daniel-behmenburg.de\/index.php?rest_route=%2Fwp%2Fv2%2Fmedia&parent=1283"}],"curies":[{"name":"wp","href":"https:\/\/api.w.org\/{rel}","templated":true}]}}