{"id":1160,"date":"2020-08-20T08:10:23","date_gmt":"2020-08-20T08:10:23","guid":{"rendered":"http:\/\/daniel-behmenburg.de\/?page_id=1160"},"modified":"2020-09-11T09:22:05","modified_gmt":"2020-09-11T09:22:05","slug":"wahllokale-in-kettwig","status":"publish","type":"page","link":"https:\/\/daniel-behmenburg.de\/?page_id=1160","title":{"rendered":"Wahllokale in Kettwig"},"content":{"rendered":"\n<div class=\"wp-block-image\"><figure class=\"aligncenter size-large is-resized\"><img loading=\"lazy\" decoding=\"async\" src=\"http:\/\/daniel-behmenburg.de\/wp-content\/uploads\/2020\/09\/Stimmbezirk-1024x768.jpg\" alt=\"\" class=\"wp-image-1219\" width=\"267\" height=\"200\" srcset=\"https:\/\/daniel-behmenburg.de\/wp-content\/uploads\/2020\/09\/Stimmbezirk-1024x768.jpg 1024w, https:\/\/daniel-behmenburg.de\/wp-content\/uploads\/2020\/09\/Stimmbezirk-300x225.jpg 300w, https:\/\/daniel-behmenburg.de\/wp-content\/uploads\/2020\/09\/Stimmbezirk-768x576.jpg 768w, https:\/\/daniel-behmenburg.de\/wp-content\/uploads\/2020\/09\/Stimmbezirk-1536x1152.jpg 1536w, https:\/\/daniel-behmenburg.de\/wp-content\/uploads\/2020\/09\/Stimmbezirk-2048x1536.jpg 2048w\" sizes=\"auto, (max-width: 267px) 100vw, 267px\" \/><\/figure><\/div>\n\n\n\n<p><strong>Wahllokalfinder mit Eingabe der Stra\u00dfe<\/strong> <a rel=\"noreferrer noopener\" href=\"https:\/\/bit.ly\/2Zs36T2\" target=\"_blank\">https:\/\/bit.ly\/2Zs36T2<\/a><\/p>\n\n\n\n<p><strong>Liste der Wahllokale:<\/strong><\/p>\n\n\n\n<p>Schule an der Ruhr Abzweig Gustavstra\u00dfe, Gustavstra\u00dfe 26<br>MediClin Fachklinik Rhein-Ruhr, Auf der R\u00f6tsch 2<br>Kita Mintarder Weg, Mintarder Weg 47<br>Theodor-Heuss-Gymnasium, Hauptstra\u00dfe 148<br>Schwimmzentrum Kettwig, Im Teelbruch 10<br>Realschule Kettwig, Brederbachstra\u00dfe 19<br>Schmachtenbergschule, Schmachtenbergstra\u00dfe 62<br>Forum auf der H\u00f6he, Rheinstra\u00dfe 162<\/p>\n","protected":false},"excerpt":{"rendered":"<p>Wahllokalfinder mit Eingabe der Stra\u00dfe https:\/\/bit.ly\/2Zs36T2 Liste der Wahllokale: Schule an der Ruhr Abzweig Gustavstra\u00dfe, Gustavstra\u00dfe 26MediClin Fachklinik Rhein-Ruhr, Auf der R\u00f6tsch 2Kita Mintarder Weg, Mintarder Weg 47Theodor-Heuss-Gymnasium, Hauptstra\u00dfe 148Schwimmzentrum Kettwig, Im Teelbruch 10Realschule Kettwig, Brederbachstra\u00dfe 19Schmachtenbergschule, Schmachtenbergstra\u00dfe 62Forum auf der H\u00f6he, Rheinstra\u00dfe 162<\/p>\n","protected":false},"author":1,"featured_media":0,"parent":0,"menu_order":0,"comment_status":"closed","ping_status":"closed","template":"","meta":{"footnotes":""},"class_list":["post-1160","page","type-page","status-publish","hentry"],"_links":{"self":[{"href":"https:\/\/daniel-behmenburg.de\/index.php?rest_route=\/wp\/v2\/pages\/1160","targetHints":{"allow":["GET"]}}],"collection":[{"href":"https:\/\/daniel-behmenburg.de\/index.php?rest_route=\/wp\/v2\/pages"}],"about":[{"href":"https:\/\/daniel-behmenburg.de\/index.php?rest_route=\/wp\/v2\/types\/page"}],"author":[{"embeddable":true,"href":"https:\/\/daniel-behmenburg.de\/index.php?rest_route=\/wp\/v2\/users\/1"}],"replies":[{"embeddable":true,"href":"https:\/\/daniel-behmenburg.de\/index.php?rest_route=%2Fwp%2Fv2%2Fcomments&post=1160"}],"version-history":[{"count":3,"href":"https:\/\/daniel-behmenburg.de\/index.php?rest_route=\/wp\/v2\/pages\/1160\/revisions"}],"predecessor-version":[{"id":1221,"href":"https:\/\/daniel-behmenburg.de\/index.php?rest_route=\/wp\/v2\/pages\/1160\/revisions\/1221"}],"wp:attachment":[{"href":"https:\/\/daniel-behmenburg.de\/index.php?rest_route=%2Fwp%2Fv2%2Fmedia&parent=1160"}],"curies":[{"name":"wp","href":"https:\/\/api.w.org\/{rel}","templated":true}]}}